{"id":72,"date":"2021-02-24T11:15:02","date_gmt":"2021-02-24T11:15:02","guid":{"rendered":"https:\/\/braintrain.hakhorn.ac.at\/?page_id=72"},"modified":"2025-11-11T09:09:54","modified_gmt":"2025-11-11T09:09:54","slug":"leitbild","status":"publish","type":"page","link":"https:\/\/braintrain.by.hakhorn.ac.at\/?page_id=72","title":{"rendered":""},"content":{"rendered":"\n<h2 class=\"wp-block-heading\">Vision<\/h2>\n\n\n\n<p>Unsere Vision ist es, in den n\u00e4chsten 5 Jahren der erfolgreichste Lernunterst\u00fctzer f\u00fcr Sch\u00fclerInnen und StudentenInnen am nieder\u00f6sterreichischen Markt zu werden.<br><\/p>\n\n\n\n<p><\/p>\n\n\n\n<h2 class=\"wp-block-heading\">Mission<\/h2>\n\n\n\n<p>Unser Auftrag ist es, alle jene zu unterst\u00fctzen, die ihr Wissen und ihre Erfahrungen weiterentwickeln wollen. Wir organisieren ma\u00dfgeschneiderte Lernangebote und passende Unterlagen, die unsere Kunden bei der Verwirklichung ihrer Ziele unterst\u00fctzen.<br><\/p>\n\n\n\n<h2 class=\"wp-block-heading\">Leitbild<\/h2>\n\n\n\n<p>Wir, die Brain Train GmbH, sind ein junges und engagiertes Team und bieten unseren Kunden die M\u00f6glichkeit, ihr Wissen und ihre F\u00e4higkeiten weiterzuentwickeln.<\/p>\n\n\n\n<p>Mit unseren ma\u00dfgeschneiderten Lernangeboten und Lernunterlagen unterst\u00fctzen wir unsere Kunden in ihrem Tun. Respekt wird bei uns gro\u00df geschrieben und der individuelle Umgang und die Ber\u00fccksichtigung der Bed\u00fcrfnisse unserer Kunden sind uns sehr wichtig. Gerade unsere eigene Erfahrung in Lernprozessen hilft uns, uns optimal auf die W\u00fcnsche unserer Kunden einzustellen.<\/p>\n\n\n\n<p>Der Erfolg unserer Kunden, ihr Wissen und ihre F\u00e4higkeiten weiterentwickelt zu haben motiviert uns und zeigt uns, dass dieses Angebot wichtig ist.<\/p>\n\n\n\n<p>Wir achten auf ein optimales Preis-Leistungs-Verh\u00e4ltnis, damit die Lernunterst\u00fctzung auch leistbar f\u00fcr unsere Kunden ist. Wir erg\u00e4nzen unser Angebot rund ums Lernen noch durch Angebote wie Brain Food, Musik- und Entspannungsangebote, um rundum gut versorgt zu sein.<\/p>\n\n\n\n<p>Dabei ist es uns wichtig, auch mit zuverl\u00e4ssigen Lieferanten zusammenzuarbeiten, damit wir unseren Kunden qualitativ hochwertige Produkte zu einem g\u00fcnstigen Preis anbieten k\u00f6nnen. Durch die gute Zusammenarbeit mit unseren Lieferanten ist es uns auch m\u00f6glich, alle Kundenw\u00fcnsche (auch au\u00dfergew\u00f6hnliche) zu erf\u00fcllen.<\/p>\n\n\n\n<p>Im Sinne einer nachhaltigen Arbeitsweise haben wir unsere betrieblichen Abl\u00e4ufe digitalisiert und verwirklichen damit das \u201epaperless office\u201c.<\/p>\n\n\n\n<p>Die Ablage unserer Dokumente erfolgt \u00fcber eine Cloudl\u00f6sung, damit ist gew\u00e4hrleistet, dass die \u00dcbungsfirma auch im Homeoffice reibungslos funktioniert.<\/p>\n","protected":false},"excerpt":{"rendered":"<p>Vision Unsere Vision ist es, in den n\u00e4chsten 5 Jahren der erfolgreichste Lernunterst\u00fctzer f\u00fcr Sch\u00fclerInnen und StudentenInnen am nieder\u00f6sterreichischen Markt zu werden. Mission Unser Auftrag ist es, alle jene zu unterst\u00fctzen, die ihr Wissen und ihre Erfahrungen weiterentwickeln wollen. Wir organisieren ma\u00dfgeschneiderte Lernangebote und passende Unterlagen, die unsere Kunden bei der Verwirklichung ihrer Ziele unterst\u00fctzen. &hellip; <\/p>\n","protected":false},"author":2,"featured_media":0,"parent":28,"menu_order":2,"comment_status":"closed","ping_status":"closed","template":"","meta":{"footnotes":""},"class_list":["post-72","page","type-page","status-publish","hentry"],"_links":{"self":[{"href":"https:\/\/braintrain.by.hakhorn.ac.at\/index.php?rest_route=\/wp\/v2\/pages\/72","targetHints":{"allow":["GET"]}}],"collection":[{"href":"https:\/\/braintrain.by.hakhorn.ac.at\/index.php?rest_route=\/wp\/v2\/pages"}],"about":[{"href":"https:\/\/braintrain.by.hakhorn.ac.at\/index.php?rest_route=\/wp\/v2\/types\/page"}],"author":[{"embeddable":true,"href":"https:\/\/braintrain.by.hakhorn.ac.at\/index.php?rest_route=\/wp\/v2\/users\/2"}],"replies":[{"embeddable":true,"href":"https:\/\/braintrain.by.hakhorn.ac.at\/index.php?rest_route=%2Fwp%2Fv2%2Fcomments&post=72"}],"version-history":[{"count":14,"href":"https:\/\/braintrain.by.hakhorn.ac.at\/index.php?rest_route=\/wp\/v2\/pages\/72\/revisions"}],"predecessor-version":[{"id":1089,"href":"https:\/\/braintrain.by.hakhorn.ac.at\/index.php?rest_route=\/wp\/v2\/pages\/72\/revisions\/1089"}],"up":[{"embeddable":true,"href":"https:\/\/braintrain.by.hakhorn.ac.at\/index.php?rest_route=\/wp\/v2\/pages\/28"}],"wp:attachment":[{"href":"https:\/\/braintrain.by.hakhorn.ac.at\/index.php?rest_route=%2Fwp%2Fv2%2Fmedia&parent=72"}],"curies":[{"name":"wp","href":"https:\/\/api.w.org\/{rel}","templated":true}]}}