{"id":29,"date":"2020-12-16T09:05:25","date_gmt":"2020-12-16T09:05:25","guid":{"rendered":"https:\/\/braintrain.hakhorn.ac.at\/?page_id=29"},"modified":"2025-11-07T13:41:38","modified_gmt":"2025-11-07T13:41:38","slug":"kontakt","status":"publish","type":"page","link":"https:\/\/braintrain.by.hakhorn.ac.at\/?page_id=29","title":{"rendered":"Impressum"},"content":{"rendered":"\n<p><strong>Brain &amp; Train GmbH<\/strong><\/p>\n\n\n\n<p>\u00dcbungsfirma der BHAK Horn<\/p>\n\n\n\n<p>Handel und Bildungsangebote<\/p>\n\n\n\n<p><strong>UID-Nr:<\/strong> ATU80042749<\/p>\n\n\n\n<p><strong>FN:<\/strong> 427<\/p>\n\n\n\n<p><strong>FB-Gericht:<\/strong> Krems<\/p>\n\n\n\n<p><strong>Sitz:<\/strong> Gartengasse 1, 3580 Horn, \u00d6sterreich<\/p>\n\n\n\n<p><strong>Tel.:<\/strong> +43 2982 53 713-21<\/p>\n\n\n\n<p><strong>E-Mail:<\/strong> brainundtrain427@uebungsfirmen.at<\/p>\n\n\n\n<p>Mitglied bei ACT<\/p>\n\n\n\n<p><strong>Aufsichtsbeh\u00f6rde:<\/strong> Bezirkshauptmannschaft Horn<\/p>\n\n\n\n<p><strong>Gesch\u00e4ftsf\u00fchrer:<\/strong><\/p>\n\n\n\n<ul class=\"wp-block-list\">\n<li>Mag. Gabriele Lukesch<\/li>\n<\/ul>\n\n\n\n<ul class=\"wp-block-list\">\n<li>Mag. Thomas H\u00f6llerer<\/li>\n<\/ul>\n\n\n\n<p><strong>\u00d6ffnungszeiten:<\/strong> Dienstag 9:40 \u2013 12:25<\/p>\n\n\n\n<p><\/p>\n\n\n\n<p><\/p>\n\n\n\n<p><\/p>\n","protected":false},"excerpt":{"rendered":"<p>Brain &amp; Train GmbH \u00dcbungsfirma der BHAK Horn Handel und Bildungsangebote UID-Nr: ATU80042749 FN: 427 FB-Gericht: Krems Sitz: Gartengasse 1, 3580 Horn, \u00d6sterreich Tel.: +43 2982 53 713-21 E-Mail: brainundtrain427@uebungsfirmen.at Mitglied bei ACT Aufsichtsbeh\u00f6rde: Bezirkshauptmannschaft Horn Gesch\u00e4ftsf\u00fchrer: \u00d6ffnungszeiten: Dienstag 9:40 \u2013 12:25<\/p>\n","protected":false},"author":2,"featured_media":0,"parent":0,"menu_order":8,"comment_status":"closed","ping_status":"closed","template":"","meta":{"footnotes":""},"class_list":["post-29","page","type-page","status-publish","hentry"],"_links":{"self":[{"href":"https:\/\/braintrain.by.hakhorn.ac.at\/index.php?rest_route=\/wp\/v2\/pages\/29","targetHints":{"allow":["GET"]}}],"collection":[{"href":"https:\/\/braintrain.by.hakhorn.ac.at\/index.php?rest_route=\/wp\/v2\/pages"}],"about":[{"href":"https:\/\/braintrain.by.hakhorn.ac.at\/index.php?rest_route=\/wp\/v2\/types\/page"}],"author":[{"embeddable":true,"href":"https:\/\/braintrain.by.hakhorn.ac.at\/index.php?rest_route=\/wp\/v2\/users\/2"}],"replies":[{"embeddable":true,"href":"https:\/\/braintrain.by.hakhorn.ac.at\/index.php?rest_route=%2Fwp%2Fv2%2Fcomments&post=29"}],"version-history":[{"count":13,"href":"https:\/\/braintrain.by.hakhorn.ac.at\/index.php?rest_route=\/wp\/v2\/pages\/29\/revisions"}],"predecessor-version":[{"id":1198,"href":"https:\/\/braintrain.by.hakhorn.ac.at\/index.php?rest_route=\/wp\/v2\/pages\/29\/revisions\/1198"}],"wp:attachment":[{"href":"https:\/\/braintrain.by.hakhorn.ac.at\/index.php?rest_route=%2Fwp%2Fv2%2Fmedia&parent=29"}],"curies":[{"name":"wp","href":"https:\/\/api.w.org\/{rel}","templated":true}]}}