{"id":27,"date":"2020-12-16T09:05:25","date_gmt":"2020-12-16T09:05:25","guid":{"rendered":"https:\/\/braintrain.hakhorn.ac.at\/?page_id=27"},"modified":"2025-11-07T13:39:43","modified_gmt":"2025-11-07T13:39:43","slug":"das-neue-museum-oeffnet-seine-tueren-2","status":"publish","type":"page","link":"https:\/\/braintrain.by.hakhorn.ac.at\/","title":{"rendered":"Herzlich willkommen bei der Brain &#038; Train GmbH"},"content":{"rendered":"\n<p><strong>Herzlich willkommen bei der Brain &amp; Train GmbH!<\/strong><\/p>\n\n\n\n<p>Die \u00dcbungsfirma Brain &amp; Train GmbH der HAK Horn hat es sich zum Ziel gesetzt, Sie bestm\u00f6glich im Lernprozess zu unterst\u00fctzen.<\/p>\n\n\n\n<p>Wir unterst\u00fctzen Sie durch die Bereitstellung von Lehr- und Lernmaterialien, Brain Food, Seminaren und Nachhilfe.<\/p>\n\n\n\n<figure class=\"wp-block-image size-full\"><img loading=\"lazy\" decoding=\"async\" width=\"917\" height=\"557\" src=\"https:\/\/braintrain.by.hakhorn.ac.at\/wp-content\/uploads\/2025\/05\/Collage-Angebot.png\" alt=\"\" class=\"wp-image-1124\" srcset=\"https:\/\/braintrain.by.hakhorn.ac.at\/wp-content\/uploads\/2025\/05\/Collage-Angebot.png 917w, https:\/\/braintrain.by.hakhorn.ac.at\/wp-content\/uploads\/2025\/05\/Collage-Angebot-300x182.png 300w, https:\/\/braintrain.by.hakhorn.ac.at\/wp-content\/uploads\/2025\/05\/Collage-Angebot-768x466.png 768w, https:\/\/braintrain.by.hakhorn.ac.at\/wp-content\/uploads\/2025\/05\/Collage-Angebot-99x60.png 99w\" sizes=\"auto, (max-width: 917px) 100vw, 917px\" \/><\/figure>\n\n\n\n<p><\/p>\n\n\n\n<div class=\"wp-block-group alignwide\"><div class=\"wp-block-group__inner-container is-layout-flow wp-block-group-is-layout-flow\">\n<figure class=\"wp-block-image size-large is-resized\"><a href=\"https:\/\/www.instagram.com\/uefa_brainundtrain_hakhorn\/\"><img loading=\"lazy\" decoding=\"async\" width=\"1024\" height=\"1024\" src=\"https:\/\/braintrain.by.hakhorn.ac.at\/wp-content\/uploads\/2025\/01\/instagram-logo-1024x1024.webp\" alt=\"\" class=\"wp-image-877\" style=\"width:104px;height:auto\" srcset=\"https:\/\/braintrain.by.hakhorn.ac.at\/wp-content\/uploads\/2025\/01\/instagram-logo-1024x1024.webp 1024w, https:\/\/braintrain.by.hakhorn.ac.at\/wp-content\/uploads\/2025\/01\/instagram-logo-300x300.webp 300w, https:\/\/braintrain.by.hakhorn.ac.at\/wp-content\/uploads\/2025\/01\/instagram-logo-150x150.webp 150w, https:\/\/braintrain.by.hakhorn.ac.at\/wp-content\/uploads\/2025\/01\/instagram-logo-768x768.webp 768w, https:\/\/braintrain.by.hakhorn.ac.at\/wp-content\/uploads\/2025\/01\/instagram-logo-1536x1536.webp 1536w, https:\/\/braintrain.by.hakhorn.ac.at\/wp-content\/uploads\/2025\/01\/instagram-logo-60x60.webp 60w, https:\/\/braintrain.by.hakhorn.ac.at\/wp-content\/uploads\/2025\/01\/instagram-logo.webp 2048w\" sizes=\"auto, (max-width: 1024px) 100vw, 1024px\" \/><\/a><\/figure>\n\n\n\n<figure class=\"wp-block-image size-full is-resized\"><a href=\"https:\/\/marketplace.penworldwide.org\/?enterprisePenCode=AT010000427\"><img loading=\"lazy\" decoding=\"async\" width=\"397\" height=\"123\" src=\"https:\/\/braintrain.by.hakhorn.ac.at\/wp-content\/uploads\/2025\/01\/Marketplace-Logo-2.png\" alt=\"\" class=\"wp-image-895\" style=\"width:273px;height:auto\" srcset=\"https:\/\/braintrain.by.hakhorn.ac.at\/wp-content\/uploads\/2025\/01\/Marketplace-Logo-2.png 397w, https:\/\/braintrain.by.hakhorn.ac.at\/wp-content\/uploads\/2025\/01\/Marketplace-Logo-2-300x93.png 300w, https:\/\/braintrain.by.hakhorn.ac.at\/wp-content\/uploads\/2025\/01\/Marketplace-Logo-2-194x60.png 194w\" sizes=\"auto, (max-width: 397px) 100vw, 397px\" \/><\/a><\/figure>\n<\/div><\/div>\n\n\n\n<figure class=\"wp-block-image size-large is-resized\"><a href=\"https:\/\/hakhorn.ac.at\/\"><img loading=\"lazy\" decoding=\"async\" width=\"1024\" height=\"279\" src=\"https:\/\/braintrain.by.hakhorn.ac.at\/wp-content\/uploads\/2025\/01\/Hak-Logo-1024x279.png\" alt=\"\" class=\"wp-image-889\" style=\"width:270px;height:auto\" srcset=\"https:\/\/braintrain.by.hakhorn.ac.at\/wp-content\/uploads\/2025\/01\/Hak-Logo-1024x279.png 1024w, https:\/\/braintrain.by.hakhorn.ac.at\/wp-content\/uploads\/2025\/01\/Hak-Logo-300x82.png 300w, https:\/\/braintrain.by.hakhorn.ac.at\/wp-content\/uploads\/2025\/01\/Hak-Logo-768x209.png 768w, https:\/\/braintrain.by.hakhorn.ac.at\/wp-content\/uploads\/2025\/01\/Hak-Logo-1536x419.png 1536w, https:\/\/braintrain.by.hakhorn.ac.at\/wp-content\/uploads\/2025\/01\/Hak-Logo-220x60.png 220w, https:\/\/braintrain.by.hakhorn.ac.at\/wp-content\/uploads\/2025\/01\/Hak-Logo.png 1967w\" sizes=\"auto, (max-width: 1024px) 100vw, 1024px\" \/><\/a><\/figure>\n\n\n\n<p><\/p>\n","protected":false},"excerpt":{"rendered":"<p>Herzlich willkommen bei der Brain &amp; Train GmbH! Die \u00dcbungsfirma Brain &amp; Train GmbH der HAK Horn hat es sich zum Ziel gesetzt, Sie bestm\u00f6glich im Lernprozess zu unterst\u00fctzen. Wir unterst\u00fctzen Sie durch die Bereitstellung von Lehr- und Lernmaterialien, Brain Food, Seminaren und Nachhilfe.<\/p>\n","protected":false},"author":2,"featured_media":0,"parent":0,"menu_order":1,"comment_status":"closed","ping_status":"closed","template":"","meta":{"footnotes":""},"class_list":["post-27","page","type-page","status-publish","hentry"],"_links":{"self":[{"href":"https:\/\/braintrain.by.hakhorn.ac.at\/index.php?rest_route=\/wp\/v2\/pages\/27","targetHints":{"allow":["GET"]}}],"collection":[{"href":"https:\/\/braintrain.by.hakhorn.ac.at\/index.php?rest_route=\/wp\/v2\/pages"}],"about":[{"href":"https:\/\/braintrain.by.hakhorn.ac.at\/index.php?rest_route=\/wp\/v2\/types\/page"}],"author":[{"embeddable":true,"href":"https:\/\/braintrain.by.hakhorn.ac.at\/index.php?rest_route=\/wp\/v2\/users\/2"}],"replies":[{"embeddable":true,"href":"https:\/\/braintrain.by.hakhorn.ac.at\/index.php?rest_route=%2Fwp%2Fv2%2Fcomments&post=27"}],"version-history":[{"count":84,"href":"https:\/\/braintrain.by.hakhorn.ac.at\/index.php?rest_route=\/wp\/v2\/pages\/27\/revisions"}],"predecessor-version":[{"id":1214,"href":"https:\/\/braintrain.by.hakhorn.ac.at\/index.php?rest_route=\/wp\/v2\/pages\/27\/revisions\/1214"}],"wp:attachment":[{"href":"https:\/\/braintrain.by.hakhorn.ac.at\/index.php?rest_route=%2Fwp%2Fv2%2Fmedia&parent=27"}],"curies":[{"name":"wp","href":"https:\/\/api.w.org\/{rel}","templated":true}]}}