{"id":232,"date":"2021-05-26T09:57:26","date_gmt":"2021-05-26T09:57:26","guid":{"rendered":"https:\/\/braintrain.hakhorn.ac.at\/?page_id=232"},"modified":"2026-01-13T11:06:43","modified_gmt":"2026-01-13T11:06:43","slug":"externe-angebote","status":"publish","type":"page","link":"https:\/\/braintrain.by.hakhorn.ac.at\/?page_id=232","title":{"rendered":"Bildungsangebote"},"content":{"rendered":"\n<div class=\"wp-block-columns is-layout-flex wp-container-core-columns-is-layout-9d6595d7 wp-block-columns-is-layout-flex\">\n<div class=\"wp-block-column is-layout-flow wp-block-column-is-layout-flow\" style=\"flex-basis:100%\">\n<div class=\"wp-block-columns is-layout-flex wp-container-core-columns-is-layout-9d6595d7 wp-block-columns-is-layout-flex\">\n<div class=\"wp-block-column is-layout-flow wp-block-column-is-layout-flow\">\n<p><strong>Seminare<\/strong><\/p>\n\n\n\n<p>Wir bieten Seminare f\u00fcr alle \u00dcbungsfirmen an.  Genauere Informationen \u00fcber unsere Angebote sind hier kompakt zusammengefasst!<\/p>\n<\/div>\n\n\n\n<div class=\"wp-block-column is-layout-flow wp-block-column-is-layout-flow\">\n<p><strong>Nachhilfe<\/strong><\/p>\n\n\n\n<p>Wir bieten allen Sch\u00fcler und Sch\u00fclerinnen des BBSZ Horn Nachhilfe an. Bei Interesse an unserem Angebot anzunehmen stehen wir Ihnen gerne pers\u00f6nlich oder auch \u00fcber E-Mail zur Verf\u00fcgung!<\/p>\n<\/div>\n<\/div>\n<\/div>\n<\/div>\n\n\n\n<div class=\"wp-block-columns is-layout-flex wp-container-core-columns-is-layout-9d6595d7 wp-block-columns-is-layout-flex\">\n<div class=\"wp-block-column is-layout-flow wp-block-column-is-layout-flow\">\n<div data-wp-interactive=\"core\/file\" class=\"wp-block-file\"><object data-wp-bind--hidden=\"!state.hasPdfPreview\" hidden class=\"wp-block-file__embed\" data=\"http:\/\/braintrain.by.hakhorn.ac.at\/wp-content\/uploads\/2025\/11\/Seminarkatalog-2025-2026-1.pdf\" type=\"application\/pdf\" style=\"width:100%;height:200px\" aria-label=\"Einbettung von Katalog - Seminare.\"><\/object><a id=\"wp-block-file--media-09c3785e-91b9-4365-b9d7-3ddb61de7fa9\" href=\"http:\/\/braintrain.by.hakhorn.ac.at\/wp-content\/uploads\/2025\/11\/Seminarkatalog-2025-2026-1.pdf\">Katalog &#8211; Seminare<\/a><a href=\"http:\/\/braintrain.by.hakhorn.ac.at\/wp-content\/uploads\/2025\/11\/Seminarkatalog-2025-2026-1.pdf\" class=\"wp-block-file__button wp-element-button\" download aria-describedby=\"wp-block-file--media-09c3785e-91b9-4365-b9d7-3ddb61de7fa9\">Herunterladen<\/a><\/div>\n<\/div>\n\n\n\n<div class=\"wp-block-column is-layout-flow wp-block-column-is-layout-flow\">\n<div data-wp-interactive=\"core\/file\" class=\"wp-block-file\"><object data-wp-bind--hidden=\"!state.hasPdfPreview\" hidden class=\"wp-block-file__embed\" data=\"http:\/\/braintrain.by.hakhorn.ac.at\/wp-content\/uploads\/2025\/11\/2025-2026NACHHILFE_Schuelerbrief.pdf\" type=\"application\/pdf\" style=\"width:100%;height:200px\" aria-label=\"Einbettung von Nachhilfe - Sch\u00fclerbrief.\"><\/object><a id=\"wp-block-file--media-612ef063-d2cd-4a6f-96c3-cbf6ed57b3d0\" href=\"http:\/\/braintrain.by.hakhorn.ac.at\/wp-content\/uploads\/2025\/11\/2025-2026NACHHILFE_Schuelerbrief.pdf\">Nachhilfe &#8211; Sch\u00fclerbrief<\/a><a href=\"http:\/\/braintrain.by.hakhorn.ac.at\/wp-content\/uploads\/2025\/11\/2025-2026NACHHILFE_Schuelerbrief.pdf\" class=\"wp-block-file__button wp-element-button\" download aria-describedby=\"wp-block-file--media-612ef063-d2cd-4a6f-96c3-cbf6ed57b3d0\">Herunterladen<\/a><\/div>\n<\/div>\n<\/div>\n\n\n\n<div class=\"wp-block-columns is-layout-flex wp-container-core-columns-is-layout-9d6595d7 wp-block-columns-is-layout-flex\">\n<div class=\"wp-block-column is-layout-flow wp-block-column-is-layout-flow\">\n<figure class=\"wp-block-image size-large\"><img loading=\"lazy\" decoding=\"async\" width=\"1024\" height=\"449\" src=\"https:\/\/braintrain.by.hakhorn.ac.at\/wp-content\/uploads\/2025\/05\/Seminar-Bildungsangebot-1024x449.png\" alt=\"\" class=\"wp-image-1132\" srcset=\"https:\/\/braintrain.by.hakhorn.ac.at\/wp-content\/uploads\/2025\/05\/Seminar-Bildungsangebot-1024x449.png 1024w, https:\/\/braintrain.by.hakhorn.ac.at\/wp-content\/uploads\/2025\/05\/Seminar-Bildungsangebot-300x132.png 300w, https:\/\/braintrain.by.hakhorn.ac.at\/wp-content\/uploads\/2025\/05\/Seminar-Bildungsangebot-768x337.png 768w, https:\/\/braintrain.by.hakhorn.ac.at\/wp-content\/uploads\/2025\/05\/Seminar-Bildungsangebot-137x60.png 137w, https:\/\/braintrain.by.hakhorn.ac.at\/wp-content\/uploads\/2025\/05\/Seminar-Bildungsangebot.png 1176w\" sizes=\"auto, (max-width: 1024px) 100vw, 1024px\" \/><\/figure>\n<\/div>\n\n\n\n<div class=\"wp-block-column is-layout-flow wp-block-column-is-layout-flow\">\n<figure class=\"wp-block-image size-full is-resized\"><img loading=\"lazy\" decoding=\"async\" width=\"911\" height=\"605\" src=\"https:\/\/braintrain.by.hakhorn.ac.at\/wp-content\/uploads\/2025\/05\/Nachhilfe-Bildungsangebot.png\" alt=\"\" class=\"wp-image-1131\" style=\"width:326px;height:auto\" srcset=\"https:\/\/braintrain.by.hakhorn.ac.at\/wp-content\/uploads\/2025\/05\/Nachhilfe-Bildungsangebot.png 911w, https:\/\/braintrain.by.hakhorn.ac.at\/wp-content\/uploads\/2025\/05\/Nachhilfe-Bildungsangebot-300x199.png 300w, https:\/\/braintrain.by.hakhorn.ac.at\/wp-content\/uploads\/2025\/05\/Nachhilfe-Bildungsangebot-768x510.png 768w, https:\/\/braintrain.by.hakhorn.ac.at\/wp-content\/uploads\/2025\/05\/Nachhilfe-Bildungsangebot-90x60.png 90w\" sizes=\"auto, (max-width: 911px) 100vw, 911px\" \/><\/figure>\n<\/div>\n<\/div>\n\n\n\n<div class=\"wp-block-columns is-layout-flex wp-container-core-columns-is-layout-9d6595d7 wp-block-columns-is-layout-flex\">\n<div class=\"wp-block-column is-layout-flow wp-block-column-is-layout-flow\"><\/div>\n\n\n\n<div class=\"wp-block-column is-layout-flow wp-block-column-is-layout-flow\">\n<div class=\"wp-block-file\"><a id=\"wp-block-file--media-e7a77732-7f2e-4d80-81ed-eed12f11b464\" href=\"https:\/\/braintrain.by.hakhorn.ac.at\/wp-content\/uploads\/2025\/05\/Nachhilfe.mp4\">Nachhilfe &#8211; Erkl\u00e4rungsvideo<\/a><a href=\"https:\/\/braintrain.by.hakhorn.ac.at\/wp-content\/uploads\/2025\/05\/Nachhilfe.mp4\" class=\"wp-block-file__button wp-element-button\" download aria-describedby=\"wp-block-file--media-e7a77732-7f2e-4d80-81ed-eed12f11b464\">Herunterladen<\/a><\/div>\n<\/div>\n<\/div>\n\n\n\n<p><\/p>\n","protected":false},"excerpt":{"rendered":"<p>Seminare Wir bieten Seminare f\u00fcr alle \u00dcbungsfirmen an. Genauere Informationen \u00fcber unsere Angebote sind hier kompakt zusammengefasst! Nachhilfe Wir bieten allen Sch\u00fcler und Sch\u00fclerinnen des BBSZ Horn Nachhilfe an. Bei Interesse an unserem Angebot anzunehmen stehen wir Ihnen gerne pers\u00f6nlich oder auch \u00fcber E-Mail zur Verf\u00fcgung!<\/p>\n","protected":false},"author":2,"featured_media":0,"parent":0,"menu_order":5,"comment_status":"closed","ping_status":"closed","template":"","meta":{"footnotes":""},"class_list":["post-232","page","type-page","status-publish","hentry"],"_links":{"self":[{"href":"https:\/\/braintrain.by.hakhorn.ac.at\/index.php?rest_route=\/wp\/v2\/pages\/232","targetHints":{"allow":["GET"]}}],"collection":[{"href":"https:\/\/braintrain.by.hakhorn.ac.at\/index.php?rest_route=\/wp\/v2\/pages"}],"about":[{"href":"https:\/\/braintrain.by.hakhorn.ac.at\/index.php?rest_route=\/wp\/v2\/types\/page"}],"author":[{"embeddable":true,"href":"https:\/\/braintrain.by.hakhorn.ac.at\/index.php?rest_route=\/wp\/v2\/users\/2"}],"replies":[{"embeddable":true,"href":"https:\/\/braintrain.by.hakhorn.ac.at\/index.php?rest_route=%2Fwp%2Fv2%2Fcomments&post=232"}],"version-history":[{"count":38,"href":"https:\/\/braintrain.by.hakhorn.ac.at\/index.php?rest_route=\/wp\/v2\/pages\/232\/revisions"}],"predecessor-version":[{"id":1246,"href":"https:\/\/braintrain.by.hakhorn.ac.at\/index.php?rest_route=\/wp\/v2\/pages\/232\/revisions\/1246"}],"wp:attachment":[{"href":"https:\/\/braintrain.by.hakhorn.ac.at\/index.php?rest_route=%2Fwp%2Fv2%2Fmedia&parent=232"}],"curies":[{"name":"wp","href":"https:\/\/api.w.org\/{rel}","templated":true}]}}