{"id":187,"date":"2021-04-28T08:04:52","date_gmt":"2021-04-28T08:04:52","guid":{"rendered":"https:\/\/braintrain.hakhorn.ac.at\/?page_id=187"},"modified":"2025-05-15T09:18:24","modified_gmt":"2025-05-15T09:18:24","slug":"beschaffung-und-lager-i-profitcenter-handel","status":"publish","type":"page","link":"https:\/\/braintrain.by.hakhorn.ac.at\/?page_id=187","title":{"rendered":"Profitcenter Handel"},"content":{"rendered":"\n<p>Die Abteilung besch\u00e4ftigt sich mit dem Einkauf und Verkauf von Waren. Zu den laufenden Aufgaben geh\u00f6ren die Wartung der Lagerdatei und der Artikeldatenbank sowie u.A. auch Verkaufspreise kalkulieren, Konditionen festlegen, Verkaufsgespr\u00e4che f\u00fchren und M\u00e4ngel beheben.<\/p>\n\n\n<div class=\"wp-block-image\">\n<figure class=\"aligncenter\"><img decoding=\"async\" src=\"http:\/\/braintrain.by.hakhorn.ac.at\/wp-content\/uploads\/2021\/12\/image.png\" alt=\"Dieses Bild hat ein leeres Alt-Attribut. Der Dateiname ist image.png\"\/><\/figure>\n<\/div>","protected":false},"excerpt":{"rendered":"<p>Die Abteilung besch\u00e4ftigt sich mit dem Einkauf und Verkauf von Waren. Zu den laufenden Aufgaben geh\u00f6ren die Wartung der Lagerdatei und der Artikeldatenbank sowie u.A. auch Verkaufspreise kalkulieren, Konditionen festlegen, Verkaufsgespr\u00e4che f\u00fchren und M\u00e4ngel beheben.<\/p>\n","protected":false},"author":2,"featured_media":0,"parent":74,"menu_order":3,"comment_status":"closed","ping_status":"closed","template":"","meta":{"footnotes":""},"class_list":["post-187","page","type-page","status-publish","hentry"],"_links":{"self":[{"href":"https:\/\/braintrain.by.hakhorn.ac.at\/index.php?rest_route=\/wp\/v2\/pages\/187","targetHints":{"allow":["GET"]}}],"collection":[{"href":"https:\/\/braintrain.by.hakhorn.ac.at\/index.php?rest_route=\/wp\/v2\/pages"}],"about":[{"href":"https:\/\/braintrain.by.hakhorn.ac.at\/index.php?rest_route=\/wp\/v2\/types\/page"}],"author":[{"embeddable":true,"href":"https:\/\/braintrain.by.hakhorn.ac.at\/index.php?rest_route=\/wp\/v2\/users\/2"}],"replies":[{"embeddable":true,"href":"https:\/\/braintrain.by.hakhorn.ac.at\/index.php?rest_route=%2Fwp%2Fv2%2Fcomments&post=187"}],"version-history":[{"count":10,"href":"https:\/\/braintrain.by.hakhorn.ac.at\/index.php?rest_route=\/wp\/v2\/pages\/187\/revisions"}],"predecessor-version":[{"id":1172,"href":"https:\/\/braintrain.by.hakhorn.ac.at\/index.php?rest_route=\/wp\/v2\/pages\/187\/revisions\/1172"}],"up":[{"embeddable":true,"href":"https:\/\/braintrain.by.hakhorn.ac.at\/index.php?rest_route=\/wp\/v2\/pages\/74"}],"wp:attachment":[{"href":"https:\/\/braintrain.by.hakhorn.ac.at\/index.php?rest_route=%2Fwp%2Fv2%2Fmedia&parent=187"}],"curies":[{"name":"wp","href":"https:\/\/api.w.org\/{rel}","templated":true}]}}