{"id":183,"date":"2021-04-28T08:02:49","date_gmt":"2021-04-28T08:02:49","guid":{"rendered":"https:\/\/braintrain.hakhorn.ac.at\/?page_id=183"},"modified":"2025-05-08T11:12:42","modified_gmt":"2025-05-08T11:12:42","slug":"personalmanagement-und-lohnverrechnung","status":"publish","type":"page","link":"https:\/\/braintrain.by.hakhorn.ac.at\/?page_id=183","title":{"rendered":"Personalmanagement und Lohnverrechnung"},"content":{"rendered":"\n<p>Die Schwerpunkte unserer Abteilung sind die Lohnverrechnung, den Lohn unseren MitarbeiterInnen zu \u00fcberweisen, der Zahlungsverkehr mit der Sozialversicherung, dem Finanzamt und der Gemeinde durchzuf\u00fchren. Wir legen eine Personalakte f\u00fcr jede*n Mitarbeiter*in an und aktualisieren diese laufend. Dar\u00fcber hinaus planen und organisieren wir firmeninterne Seminare und Firmenfeiern.<\/p>\n\n\n<div class=\"wp-block-image\">\n<figure class=\"aligncenter size-large is-resized\"><img loading=\"lazy\" decoding=\"async\" width=\"503\" height=\"277\" src=\"http:\/\/braintrain.by.hakhorn.ac.at\/wp-content\/uploads\/2021\/12\/image-5.png\" alt=\"\" class=\"wp-image-435\" style=\"width:581px;height:320px\" srcset=\"https:\/\/braintrain.by.hakhorn.ac.at\/wp-content\/uploads\/2021\/12\/image-5.png 503w, https:\/\/braintrain.by.hakhorn.ac.at\/wp-content\/uploads\/2021\/12\/image-5-300x165.png 300w\" sizes=\"auto, (max-width: 503px) 100vw, 503px\" \/><\/figure>\n<\/div>","protected":false},"excerpt":{"rendered":"<p>Die Schwerpunkte unserer Abteilung sind die Lohnverrechnung, den Lohn unseren MitarbeiterInnen zu \u00fcberweisen, der Zahlungsverkehr mit der Sozialversicherung, dem Finanzamt und der Gemeinde durchzuf\u00fchren. Wir legen eine Personalakte f\u00fcr jede*n Mitarbeiter*in an und aktualisieren diese laufend. Dar\u00fcber hinaus planen und organisieren wir firmeninterne Seminare und Firmenfeiern.<\/p>\n","protected":false},"author":2,"featured_media":0,"parent":74,"menu_order":7,"comment_status":"closed","ping_status":"closed","template":"","meta":{"footnotes":""},"class_list":["post-183","page","type-page","status-publish","hentry"],"_links":{"self":[{"href":"https:\/\/braintrain.by.hakhorn.ac.at\/index.php?rest_route=\/wp\/v2\/pages\/183","targetHints":{"allow":["GET"]}}],"collection":[{"href":"https:\/\/braintrain.by.hakhorn.ac.at\/index.php?rest_route=\/wp\/v2\/pages"}],"about":[{"href":"https:\/\/braintrain.by.hakhorn.ac.at\/index.php?rest_route=\/wp\/v2\/types\/page"}],"author":[{"embeddable":true,"href":"https:\/\/braintrain.by.hakhorn.ac.at\/index.php?rest_route=\/wp\/v2\/users\/2"}],"replies":[{"embeddable":true,"href":"https:\/\/braintrain.by.hakhorn.ac.at\/index.php?rest_route=%2Fwp%2Fv2%2Fcomments&post=183"}],"version-history":[{"count":4,"href":"https:\/\/braintrain.by.hakhorn.ac.at\/index.php?rest_route=\/wp\/v2\/pages\/183\/revisions"}],"predecessor-version":[{"id":1165,"href":"https:\/\/braintrain.by.hakhorn.ac.at\/index.php?rest_route=\/wp\/v2\/pages\/183\/revisions\/1165"}],"up":[{"embeddable":true,"href":"https:\/\/braintrain.by.hakhorn.ac.at\/index.php?rest_route=\/wp\/v2\/pages\/74"}],"wp:attachment":[{"href":"https:\/\/braintrain.by.hakhorn.ac.at\/index.php?rest_route=%2Fwp%2Fv2%2Fmedia&parent=183"}],"curies":[{"name":"wp","href":"https:\/\/api.w.org\/{rel}","templated":true}]}}