{"id":181,"date":"2021-04-28T08:02:05","date_gmt":"2021-04-28T08:02:05","guid":{"rendered":"https:\/\/braintrain.hakhorn.ac.at\/?page_id=181"},"modified":"2025-01-16T12:05:35","modified_gmt":"2025-01-16T12:05:35","slug":"rechnungswesen","status":"publish","type":"page","link":"https:\/\/braintrain.by.hakhorn.ac.at\/?page_id=181","title":{"rendered":"Unternehmensrechnung"},"content":{"rendered":"\n<p>Der Schwerpunkt unserer Abteilung ist das laufende Verbuchen von Gesch\u00e4ftsf\u00e4llen, L\u00f6hnen, Geh\u00e4ltern und Bankbelegen. Au\u00dferdem k\u00fcmmern wir uns um termingerechte \u00dcberweisungen an die Beh\u00f6rden und legen die Dokumente sorgf\u00e4ltig ab. Die Kostenrechnung besch\u00e4ftigt sich mit der Ermittlung der Selbstkosten in den beiden Gesch\u00e4ftsfeldern, die die Basis f\u00fcr die Absatzkalkulation unserer Produkte und Leistungen bilden.<\/p>\n\n\n<div class=\"wp-block-image\">\n<figure class=\"aligncenter size-large is-resized\"><img loading=\"lazy\" decoding=\"async\" width=\"788\" height=\"419\" src=\"http:\/\/braintrain.by.hakhorn.ac.at\/wp-content\/uploads\/2021\/12\/image-4.png\" alt=\"\" class=\"wp-image-433\" style=\"aspect-ratio:1.8842443729903537;width:426px;height:auto\" srcset=\"https:\/\/braintrain.by.hakhorn.ac.at\/wp-content\/uploads\/2021\/12\/image-4.png 788w, https:\/\/braintrain.by.hakhorn.ac.at\/wp-content\/uploads\/2021\/12\/image-4-300x160.png 300w, https:\/\/braintrain.by.hakhorn.ac.at\/wp-content\/uploads\/2021\/12\/image-4-768x408.png 768w\" sizes=\"auto, (max-width: 788px) 100vw, 788px\" \/><\/figure>\n<\/div>","protected":false},"excerpt":{"rendered":"<p>Der Schwerpunkt unserer Abteilung ist das laufende Verbuchen von Gesch\u00e4ftsf\u00e4llen, L\u00f6hnen, Geh\u00e4ltern und Bankbelegen. Au\u00dferdem k\u00fcmmern wir uns um termingerechte \u00dcberweisungen an die Beh\u00f6rden und legen die Dokumente sorgf\u00e4ltig ab. Die Kostenrechnung besch\u00e4ftigt sich mit der Ermittlung der Selbstkosten in den beiden Gesch\u00e4ftsfeldern, die die Basis f\u00fcr die Absatzkalkulation unserer Produkte und Leistungen bilden.<\/p>\n","protected":false},"author":2,"featured_media":0,"parent":74,"menu_order":8,"comment_status":"closed","ping_status":"closed","template":"","meta":{"footnotes":""},"class_list":["post-181","page","type-page","status-publish","hentry"],"_links":{"self":[{"href":"https:\/\/braintrain.by.hakhorn.ac.at\/index.php?rest_route=\/wp\/v2\/pages\/181","targetHints":{"allow":["GET"]}}],"collection":[{"href":"https:\/\/braintrain.by.hakhorn.ac.at\/index.php?rest_route=\/wp\/v2\/pages"}],"about":[{"href":"https:\/\/braintrain.by.hakhorn.ac.at\/index.php?rest_route=\/wp\/v2\/types\/page"}],"author":[{"embeddable":true,"href":"https:\/\/braintrain.by.hakhorn.ac.at\/index.php?rest_route=\/wp\/v2\/users\/2"}],"replies":[{"embeddable":true,"href":"https:\/\/braintrain.by.hakhorn.ac.at\/index.php?rest_route=%2Fwp%2Fv2%2Fcomments&post=181"}],"version-history":[{"count":4,"href":"https:\/\/braintrain.by.hakhorn.ac.at\/index.php?rest_route=\/wp\/v2\/pages\/181\/revisions"}],"predecessor-version":[{"id":911,"href":"https:\/\/braintrain.by.hakhorn.ac.at\/index.php?rest_route=\/wp\/v2\/pages\/181\/revisions\/911"}],"up":[{"embeddable":true,"href":"https:\/\/braintrain.by.hakhorn.ac.at\/index.php?rest_route=\/wp\/v2\/pages\/74"}],"wp:attachment":[{"href":"https:\/\/braintrain.by.hakhorn.ac.at\/index.php?rest_route=%2Fwp%2Fv2%2Fmedia&parent=181"}],"curies":[{"name":"wp","href":"https:\/\/api.w.org\/{rel}","templated":true}]}}