{"id":176,"date":"2021-04-28T07:59:03","date_gmt":"2021-04-28T07:59:03","guid":{"rendered":"https:\/\/braintrain.hakhorn.ac.at\/?page_id=176"},"modified":"2025-05-08T11:15:48","modified_gmt":"2025-05-08T11:15:48","slug":"marktkommunikation-und-it","status":"publish","type":"page","link":"https:\/\/braintrain.by.hakhorn.ac.at\/?page_id=176","title":{"rendered":"Marktkommunikation"},"content":{"rendered":"\n<p>Unsere Aufgabenschwerpunkte liegen haupts\u00e4chlich bei der Wartung der \u00dcFA-Website der Schule, der Erstellung und Ver\u00f6ffentlichung von Werbematerialien und  eine optimale Pr\u00e4sentation unseres Unternehmens bei diversen Veranstaltungen wie zum Beispiel des Tag der offenen T\u00fcr an unserer Schule.<\/p>\n\n\n<div class=\"wp-block-image\">\n<figure class=\"aligncenter size-large is-resized\"><img loading=\"lazy\" decoding=\"async\" width=\"1024\" height=\"512\" src=\"https:\/\/braintrain.by.hakhorn.ac.at\/wp-content\/uploads\/2024\/04\/digital_marketing-1024x512.jpg\" alt=\"\" class=\"wp-image-768\" style=\"width:461px;height:auto\" srcset=\"https:\/\/braintrain.by.hakhorn.ac.at\/wp-content\/uploads\/2024\/04\/digital_marketing-1024x512.jpg 1024w, https:\/\/braintrain.by.hakhorn.ac.at\/wp-content\/uploads\/2024\/04\/digital_marketing-300x150.jpg 300w, https:\/\/braintrain.by.hakhorn.ac.at\/wp-content\/uploads\/2024\/04\/digital_marketing-768x384.jpg 768w, https:\/\/braintrain.by.hakhorn.ac.at\/wp-content\/uploads\/2024\/04\/digital_marketing-1536x768.jpg 1536w, https:\/\/braintrain.by.hakhorn.ac.at\/wp-content\/uploads\/2024\/04\/digital_marketing-2048x1024.jpg 2048w\" sizes=\"auto, (max-width: 1024px) 100vw, 1024px\" \/><\/figure>\n<\/div>","protected":false},"excerpt":{"rendered":"<p>Unsere Aufgabenschwerpunkte liegen haupts\u00e4chlich bei der Wartung der \u00dcFA-Website der Schule, der Erstellung und Ver\u00f6ffentlichung von Werbematerialien und eine optimale Pr\u00e4sentation unseres Unternehmens bei diversen Veranstaltungen wie zum Beispiel des Tag der offenen T\u00fcr an unserer Schule.<\/p>\n","protected":false},"author":2,"featured_media":0,"parent":74,"menu_order":6,"comment_status":"closed","ping_status":"closed","template":"","meta":{"footnotes":""},"class_list":["post-176","page","type-page","status-publish","hentry"],"_links":{"self":[{"href":"https:\/\/braintrain.by.hakhorn.ac.at\/index.php?rest_route=\/wp\/v2\/pages\/176","targetHints":{"allow":["GET"]}}],"collection":[{"href":"https:\/\/braintrain.by.hakhorn.ac.at\/index.php?rest_route=\/wp\/v2\/pages"}],"about":[{"href":"https:\/\/braintrain.by.hakhorn.ac.at\/index.php?rest_route=\/wp\/v2\/types\/page"}],"author":[{"embeddable":true,"href":"https:\/\/braintrain.by.hakhorn.ac.at\/index.php?rest_route=\/wp\/v2\/users\/2"}],"replies":[{"embeddable":true,"href":"https:\/\/braintrain.by.hakhorn.ac.at\/index.php?rest_route=%2Fwp%2Fv2%2Fcomments&post=176"}],"version-history":[{"count":6,"href":"https:\/\/braintrain.by.hakhorn.ac.at\/index.php?rest_route=\/wp\/v2\/pages\/176\/revisions"}],"predecessor-version":[{"id":1168,"href":"https:\/\/braintrain.by.hakhorn.ac.at\/index.php?rest_route=\/wp\/v2\/pages\/176\/revisions\/1168"}],"up":[{"embeddable":true,"href":"https:\/\/braintrain.by.hakhorn.ac.at\/index.php?rest_route=\/wp\/v2\/pages\/74"}],"wp:attachment":[{"href":"https:\/\/braintrain.by.hakhorn.ac.at\/index.php?rest_route=%2Fwp%2Fv2%2Fmedia&parent=176"}],"curies":[{"name":"wp","href":"https:\/\/api.w.org\/{rel}","templated":true}]}}