{"id":174,"date":"2021-04-28T07:55:44","date_gmt":"2021-04-28T07:55:44","guid":{"rendered":"https:\/\/braintrain.hakhorn.ac.at\/?page_id=174"},"modified":"2025-05-08T11:10:58","modified_gmt":"2025-05-08T11:10:58","slug":"geschaeftsleitung","status":"publish","type":"page","link":"https:\/\/braintrain.by.hakhorn.ac.at\/?page_id=174","title":{"rendered":"Gesch\u00e4ftsleitung"},"content":{"rendered":"\n<p>Professorin Mag. Gabriele Lukesch und Professor Mag. Thomas H\u00f6llerer f\u00fchren das Unternehmen und stehen den Abteilungen f\u00fcr Fragen oder etwaige Problemstellungen zur Seite.<\/p>\n\n\n<div class=\"wp-block-image\">\n<figure class=\"aligncenter size-large is-resized\"><img loading=\"lazy\" decoding=\"async\" width=\"713\" height=\"165\" src=\"http:\/\/braintrain.by.hakhorn.ac.at\/wp-content\/uploads\/2021\/12\/image-2.png\" alt=\"\" class=\"wp-image-428\" style=\"width:585px;height:135px\" srcset=\"https:\/\/braintrain.by.hakhorn.ac.at\/wp-content\/uploads\/2021\/12\/image-2.png 713w, https:\/\/braintrain.by.hakhorn.ac.at\/wp-content\/uploads\/2021\/12\/image-2-300x69.png 300w\" sizes=\"auto, (max-width: 713px) 100vw, 713px\" \/><\/figure>\n<\/div>\n\n\n<p><\/p>\n","protected":false},"excerpt":{"rendered":"<p>Professorin Mag. Gabriele Lukesch und Professor Mag. Thomas H\u00f6llerer f\u00fchren das Unternehmen und stehen den Abteilungen f\u00fcr Fragen oder etwaige Problemstellungen zur Seite.<\/p>\n","protected":false},"author":2,"featured_media":0,"parent":74,"menu_order":1,"comment_status":"closed","ping_status":"closed","template":"","meta":{"footnotes":""},"class_list":["post-174","page","type-page","status-publish","hentry"],"_links":{"self":[{"href":"https:\/\/braintrain.by.hakhorn.ac.at\/index.php?rest_route=\/wp\/v2\/pages\/174","targetHints":{"allow":["GET"]}}],"collection":[{"href":"https:\/\/braintrain.by.hakhorn.ac.at\/index.php?rest_route=\/wp\/v2\/pages"}],"about":[{"href":"https:\/\/braintrain.by.hakhorn.ac.at\/index.php?rest_route=\/wp\/v2\/types\/page"}],"author":[{"embeddable":true,"href":"https:\/\/braintrain.by.hakhorn.ac.at\/index.php?rest_route=\/wp\/v2\/users\/2"}],"replies":[{"embeddable":true,"href":"https:\/\/braintrain.by.hakhorn.ac.at\/index.php?rest_route=%2Fwp%2Fv2%2Fcomments&post=174"}],"version-history":[{"count":8,"href":"https:\/\/braintrain.by.hakhorn.ac.at\/index.php?rest_route=\/wp\/v2\/pages\/174\/revisions"}],"predecessor-version":[{"id":1162,"href":"https:\/\/braintrain.by.hakhorn.ac.at\/index.php?rest_route=\/wp\/v2\/pages\/174\/revisions\/1162"}],"up":[{"embeddable":true,"href":"https:\/\/braintrain.by.hakhorn.ac.at\/index.php?rest_route=\/wp\/v2\/pages\/74"}],"wp:attachment":[{"href":"https:\/\/braintrain.by.hakhorn.ac.at\/index.php?rest_route=%2Fwp%2Fv2%2Fmedia&parent=174"}],"curies":[{"name":"wp","href":"https:\/\/api.w.org\/{rel}","templated":true}]}}